{"id":36876,"date":"2025-09-18T17:57:25","date_gmt":"2025-09-18T17:57:25","guid":{"rendered":"https:\/\/minasecinema.com.br\/?page_id=36876"},"modified":"2025-09-22T17:15:16","modified_gmt":"2025-09-22T17:15:16","slug":"aviso","status":"publish","type":"page","link":"https:\/\/minasecinema.com.br\/en\/","title":{"rendered":"Aviso"},"content":{"rendered":"<style>\n    body {\n        margin: 0;\n        padding: 0;\n        font-family: sans-serif;\n        box-sizing: border-box;\n        background-color: #f0f0f0;\n    }\n\n    .migration-container {\n        display: flex;\n        flex-direction: column;\n        justify-content: flex-start;\n        align-items: center;\n        min-height: 100vh;\n        text-align: center;\n        padding: 2px;\n    }\n\n    .notice-box {\n        width: 100%;\n        padding: 2px;\n        border-radius: 5px;\n        margin-bottom: 10px;\n        box-shadow: 0 4px 8px rgba(0,0,0,0.1);\n    }\n\n    .notice-pt {\n        background-color: #e6f2ff;\n        border: 1px solid #cce0ff;\n    }\n\n    .notice-en {\n        background-color: #f0f0f0;\n        border: 1px solid #ccc;\n    }\n\n    h1 {\n        color: #333;\n        margin-top: 0;\n    }\n\n    a {\n        color: #0073e6;\n        text-decoration: none;\n        font-weight: bold;\n    }\n\n    \/* Regra para telas menores *\/\n    @media (max-width: 600px) {\n        .notice-box {\n            padding: 5px;\n        }\n        h1 {\n            font-size: 1.5em; \/* Reduz o tamanho do t\u00edtulo em telas menores *\/\n        }\n    }\n<\/style>\n\n<div class=\"migration-container\">\n    <div class=\"notice-box notice-pt\">\n        <h1>Aten\u00e7\u00e3o: O site &#8220;Minas \u00e9 Cinema&#8221; migrou!<\/h1>\n        <p style=\"font-size: 1.5em; margin-top: 10px;\">\n            <a href=\"http:\/\/www.ufjf.br\/minasecinema\">\n                Visite o novo site: www.ufjf.br\/minasecinema\n            <\/a>\n        <\/p>\n    <\/div>\n\n    <div class=\"notice-box notice-en\">\n        <h1>Attention: The &#8220;Minas \u00e9 Cinema&#8221; website has moved!<\/h1>\n        <p style=\"font-size: 1.2em; margin-top: 10px;\">\n            <a href=\"http:\/\/www.ufjf.br\/minasecinema\">\n                Visit the new website: www.ufjf.br\/minasecinema\n            <\/a>\n        <\/p>\n    <\/div>\n<\/div>","protected":false},"excerpt":{"rendered":"<p>Aten\u00e7\u00e3o: O site &#8220;Minas \u00e9 Cinema&#8221; migrou! Visite o novo site: www.ufjf.br\/minasecinema Attention: The &#8220;Minas \u00e9 Cinema&#8221; website has moved! Visit the new website: www.ufjf.br\/minasecinema<\/p>","protected":false},"author":1,"featured_media":0,"parent":0,"menu_order":0,"comment_status":"closed","ping_status":"closed","template":"","meta":{"footnotes":""},"tnc_tax_8431":[],"tnc_tax_8399":[],"tnc_tax_8396":[],"tnc_tax_8393":[],"tnc_tax_6759":[],"tnc_tax_6723":[],"tnc_tax_4866":[],"tnc_tax_3507":[],"class_list":["post-36876","page","type-page","status-publish","hentry"],"blocksy_meta":[],"_links":{"self":[{"href":"https:\/\/minasecinema.com.br\/en\/wp-json\/wp\/v2\/pages\/36876","targetHints":{"allow":["GET"]}}],"collection":[{"href":"https:\/\/minasecinema.com.br\/en\/wp-json\/wp\/v2\/pages"}],"about":[{"href":"https:\/\/minasecinema.com.br\/en\/wp-json\/wp\/v2\/types\/page"}],"author":[{"embeddable":true,"href":"https:\/\/minasecinema.com.br\/en\/wp-json\/wp\/v2\/users\/1"}],"replies":[{"embeddable":true,"href":"https:\/\/minasecinema.com.br\/en\/wp-json\/wp\/v2\/comments?post=36876"}],"version-history":[{"count":23,"href":"https:\/\/minasecinema.com.br\/en\/wp-json\/wp\/v2\/pages\/36876\/revisions"}],"predecessor-version":[{"id":36906,"href":"https:\/\/minasecinema.com.br\/en\/wp-json\/wp\/v2\/pages\/36876\/revisions\/36906"}],"wp:attachment":[{"href":"https:\/\/minasecinema.com.br\/en\/wp-json\/wp\/v2\/media?parent=36876"}],"wp:term":[{"taxonomy":"tnc_tax_8431","embeddable":true,"href":"https:\/\/minasecinema.com.br\/en\/wp-json\/wp\/v2\/tnc_tax_8431?post=36876"},{"taxonomy":"tnc_tax_8399","embeddable":true,"href":"https:\/\/minasecinema.com.br\/en\/wp-json\/wp\/v2\/tnc_tax_8399?post=36876"},{"taxonomy":"tnc_tax_8396","embeddable":true,"href":"https:\/\/minasecinema.com.br\/en\/wp-json\/wp\/v2\/tnc_tax_8396?post=36876"},{"taxonomy":"tnc_tax_8393","embeddable":true,"href":"https:\/\/minasecinema.com.br\/en\/wp-json\/wp\/v2\/tnc_tax_8393?post=36876"},{"taxonomy":"tnc_tax_6759","embeddable":true,"href":"https:\/\/minasecinema.com.br\/en\/wp-json\/wp\/v2\/tnc_tax_6759?post=36876"},{"taxonomy":"tnc_tax_6723","embeddable":true,"href":"https:\/\/minasecinema.com.br\/en\/wp-json\/wp\/v2\/tnc_tax_6723?post=36876"},{"taxonomy":"tnc_tax_4866","embeddable":true,"href":"https:\/\/minasecinema.com.br\/en\/wp-json\/wp\/v2\/tnc_tax_4866?post=36876"},{"taxonomy":"tnc_tax_3507","embeddable":true,"href":"https:\/\/minasecinema.com.br\/en\/wp-json\/wp\/v2\/tnc_tax_3507?post=36876"}],"curies":[{"name":"wp","href":"https:\/\/api.w.org\/{rel}","templated":true}]}}