{"id":3848,"date":"2025-02-26T20:07:45","date_gmt":"2025-02-26T20:07:45","guid":{"rendered":"https:\/\/minasecinema.com.br\/?page_id=3848"},"modified":"2025-02-26T22:50:51","modified_gmt":"2025-02-26T22:50:51","slug":"referencias-de-alem-paraiba","status":"publish","type":"page","link":"https:\/\/minasecinema.com.br\/en\/referencias-de-alem-paraiba\/","title":{"rendered":"Refer\u00eancias de Al\u00e9m Para\u00edba"},"content":{"rendered":"<div data-elementor-type=\"wp-page\" data-elementor-id=\"3848\" class=\"elementor elementor-3848\">\n\t\t\t\t<div class=\"elementor-element elementor-element-249c51a e-flex e-con-boxed elementor-invisible e-con e-parent\" data-id=\"249c51a\" data-element_type=\"container\" data-e-type=\"container\" data-settings=\"{&quot;background_background&quot;:&quot;classic&quot;,&quot;shape_divider_bottom&quot;:&quot;waves&quot;,&quot;animation&quot;:&quot;fadeIn&quot;}\">\n\t\t\t\t\t<div class=\"e-con-inner\">\n\t\t\t\t<div class=\"elementor-shape elementor-shape-bottom\" aria-hidden=\"true\" data-negative=\"false\">\n\t\t\t<svg xmlns=\"http:\/\/www.w3.org\/2000\/svg\" viewbox=\"0 0 1000 100\" preserveaspectratio=\"none\">\n\t<path class=\"elementor-shape-fill\" d=\"M421.9,6.5c22.6-2.5,51.5,0.4,75.5,5.3c23.6,4.9,70.9,23.5,100.5,35.7c75.8,32.2,133.7,44.5,192.6,49.7\tc23.6,2.1,48.7,3.5,103.4-2.5c54.7-6,106.2-25.6,106.2-25.6V0H0v30.3c0,0,72,32.6,158.4,30.5c39.2-0.7,92.8-6.7,134-22.4\tc21.2-8.1,52.2-18.2,79.7-24.2C399.3,7.9,411.6,7.5,421.9,6.5z\"\/>\n<\/svg>\t\t<\/div>\n\t\t\t\t<div class=\"elementor-element elementor-element-d0e728f elementor-widget elementor-widget-spacer\" data-id=\"d0e728f\" data-element_type=\"widget\" data-e-type=\"widget\" data-widget_type=\"spacer.default\">\n\t\t\t\t<div class=\"elementor-widget-container\">\n\t\t\t\t\t\t\t<div class=\"elementor-spacer\">\n\t\t\t<div class=\"elementor-spacer-inner\"><\/div>\n\t\t<\/div>\n\t\t\t\t\t\t<\/div>\n\t\t\t\t<\/div>\n\t\t\t\t<div class=\"elementor-element elementor-element-e7b8402 elementor-widget elementor-widget-heading\" data-id=\"e7b8402\" data-element_type=\"widget\" data-e-type=\"widget\" data-widget_type=\"heading.default\">\n\t\t\t\t<div class=\"elementor-widget-container\">\n\t\t\t\t\t<h2 class=\"elementor-heading-title elementor-size-default\">Refer\u00eancias de Al\u00e9m Para\u00edba<\/h2>\t\t\t\t<\/div>\n\t\t\t\t<\/div>\n\t\t\t\t<div class=\"elementor-element elementor-element-16e9e04 elementor-widget elementor-widget-text-editor\" data-id=\"16e9e04\" data-element_type=\"widget\" data-e-type=\"widget\" data-widget_type=\"text-editor.default\">\n\t\t\t\t<div class=\"elementor-widget-container\">\n\t\t\t\t\t\t\t\t\t<p><span style=\"color: #000000;\">Procuramos disponibilizar os lugares da mem\u00f3ria e algumas refer\u00eancias bibliogr\u00e1ficas dispon\u00edveis sobre a cidade no que tange as atividades cinematogr\u00e1ficas. Lembrando que trata-se de um levantamento parcial realizado no \u00e2mbito de interesse dessa pesquisa. Eles foram divididos em dois pontos:<\/span><\/p><p><span style=\"color: #000000;\">Arquivos e Bibliotecas<\/span><\/p><p><span style=\"color: #000000;\">Bibliogr\u00e1ficas<\/span><\/p>\t\t\t\t\t\t\t\t<\/div>\n\t\t\t\t<\/div>\n\t\t\t\t<div class=\"elementor-element elementor-element-998006d elementor-widget elementor-widget-spacer\" data-id=\"998006d\" data-element_type=\"widget\" data-e-type=\"widget\" data-widget_type=\"spacer.default\">\n\t\t\t\t<div class=\"elementor-widget-container\">\n\t\t\t\t\t\t\t<div class=\"elementor-spacer\">\n\t\t\t<div class=\"elementor-spacer-inner\"><\/div>\n\t\t<\/div>\n\t\t\t\t\t\t<\/div>\n\t\t\t\t<\/div>\n\t\t\t\t\t<\/div>\n\t\t\t\t<\/div>\n\t\t\t\t<\/div>","protected":false},"excerpt":{"rendered":"<p>Refer\u00eancias de Al\u00e9m Para\u00edba Procuramos disponibilizar os lugares da mem\u00f3ria e algumas refer\u00eancias bibliogr\u00e1ficas dispon\u00edveis sobre a cidade no que tange as atividades cinematogr\u00e1ficas. Lembrando que trata-se de um levantamento parcial realizado no \u00e2mbito de interesse dessa pesquisa. Eles foram divididos em dois pontos: Arquivos e Bibliotecas Bibliogr\u00e1ficas<\/p>","protected":false},"author":1,"featured_media":0,"parent":0,"menu_order":0,"comment_status":"closed","ping_status":"closed","template":"elementor_header_footer","meta":{"footnotes":""},"tnc_tax_8431":[],"tnc_tax_8399":[],"tnc_tax_8396":[],"tnc_tax_8393":[],"tnc_tax_6759":[],"tnc_tax_6723":[],"tnc_tax_4866":[],"tnc_tax_3507":[],"class_list":["post-3848","page","type-page","status-publish","hentry"],"blocksy_meta":[],"_links":{"self":[{"href":"https:\/\/minasecinema.com.br\/en\/wp-json\/wp\/v2\/pages\/3848","targetHints":{"allow":["GET"]}}],"collection":[{"href":"https:\/\/minasecinema.com.br\/en\/wp-json\/wp\/v2\/pages"}],"about":[{"href":"https:\/\/minasecinema.com.br\/en\/wp-json\/wp\/v2\/types\/page"}],"author":[{"embeddable":true,"href":"https:\/\/minasecinema.com.br\/en\/wp-json\/wp\/v2\/users\/1"}],"replies":[{"embeddable":true,"href":"https:\/\/minasecinema.com.br\/en\/wp-json\/wp\/v2\/comments?post=3848"}],"version-history":[{"count":14,"href":"https:\/\/minasecinema.com.br\/en\/wp-json\/wp\/v2\/pages\/3848\/revisions"}],"predecessor-version":[{"id":4144,"href":"https:\/\/minasecinema.com.br\/en\/wp-json\/wp\/v2\/pages\/3848\/revisions\/4144"}],"wp:attachment":[{"href":"https:\/\/minasecinema.com.br\/en\/wp-json\/wp\/v2\/media?parent=3848"}],"wp:term":[{"taxonomy":"tnc_tax_8431","embeddable":true,"href":"https:\/\/minasecinema.com.br\/en\/wp-json\/wp\/v2\/tnc_tax_8431?post=3848"},{"taxonomy":"tnc_tax_8399","embeddable":true,"href":"https:\/\/minasecinema.com.br\/en\/wp-json\/wp\/v2\/tnc_tax_8399?post=3848"},{"taxonomy":"tnc_tax_8396","embeddable":true,"href":"https:\/\/minasecinema.com.br\/en\/wp-json\/wp\/v2\/tnc_tax_8396?post=3848"},{"taxonomy":"tnc_tax_8393","embeddable":true,"href":"https:\/\/minasecinema.com.br\/en\/wp-json\/wp\/v2\/tnc_tax_8393?post=3848"},{"taxonomy":"tnc_tax_6759","embeddable":true,"href":"https:\/\/minasecinema.com.br\/en\/wp-json\/wp\/v2\/tnc_tax_6759?post=3848"},{"taxonomy":"tnc_tax_6723","embeddable":true,"href":"https:\/\/minasecinema.com.br\/en\/wp-json\/wp\/v2\/tnc_tax_6723?post=3848"},{"taxonomy":"tnc_tax_4866","embeddable":true,"href":"https:\/\/minasecinema.com.br\/en\/wp-json\/wp\/v2\/tnc_tax_4866?post=3848"},{"taxonomy":"tnc_tax_3507","embeddable":true,"href":"https:\/\/minasecinema.com.br\/en\/wp-json\/wp\/v2\/tnc_tax_3507?post=3848"}],"curies":[{"name":"wp","href":"https:\/\/api.w.org\/{rel}","templated":true}]}}