{"id":4000,"date":"2025-02-26T20:34:15","date_gmt":"2025-02-26T20:34:15","guid":{"rendered":"https:\/\/minasecinema.com.br\/?page_id=4000"},"modified":"2025-02-26T20:59:33","modified_gmt":"2025-02-26T20:59:33","slug":"festivais-de-uba","status":"publish","type":"page","link":"https:\/\/minasecinema.com.br\/en\/festivais-de-uba\/","title":{"rendered":"Festivais de Ub\u00e1"},"content":{"rendered":"<div data-elementor-type=\"wp-page\" data-elementor-id=\"4000\" class=\"elementor elementor-4000\">\n\t\t\t\t<div class=\"elementor-element elementor-element-327cec9 e-flex e-con-boxed elementor-invisible e-con e-parent\" data-id=\"327cec9\" data-element_type=\"container\" data-e-type=\"container\" data-settings=\"{&quot;background_background&quot;:&quot;classic&quot;,&quot;shape_divider_bottom&quot;:&quot;waves&quot;,&quot;animation&quot;:&quot;fadeIn&quot;}\">\n\t\t\t\t\t<div class=\"e-con-inner\">\n\t\t\t\t<div class=\"elementor-shape elementor-shape-bottom\" aria-hidden=\"true\" data-negative=\"false\">\n\t\t\t<svg xmlns=\"http:\/\/www.w3.org\/2000\/svg\" viewbox=\"0 0 1000 100\" preserveaspectratio=\"none\">\n\t<path class=\"elementor-shape-fill\" d=\"M421.9,6.5c22.6-2.5,51.5,0.4,75.5,5.3c23.6,4.9,70.9,23.5,100.5,35.7c75.8,32.2,133.7,44.5,192.6,49.7\tc23.6,2.1,48.7,3.5,103.4-2.5c54.7-6,106.2-25.6,106.2-25.6V0H0v30.3c0,0,72,32.6,158.4,30.5c39.2-0.7,92.8-6.7,134-22.4\tc21.2-8.1,52.2-18.2,79.7-24.2C399.3,7.9,411.6,7.5,421.9,6.5z\"\/>\n<\/svg>\t\t<\/div>\n\t\t\t\t<div class=\"elementor-element elementor-element-ed4984a elementor-widget elementor-widget-spacer\" data-id=\"ed4984a\" data-element_type=\"widget\" data-e-type=\"widget\" data-widget_type=\"spacer.default\">\n\t\t\t\t<div class=\"elementor-widget-container\">\n\t\t\t\t\t\t\t<div class=\"elementor-spacer\">\n\t\t\t<div class=\"elementor-spacer-inner\"><\/div>\n\t\t<\/div>\n\t\t\t\t\t\t<\/div>\n\t\t\t\t<\/div>\n\t\t\t\t<div class=\"elementor-element elementor-element-0ea7d7a elementor-widget elementor-widget-heading\" data-id=\"0ea7d7a\" data-element_type=\"widget\" data-e-type=\"widget\" data-widget_type=\"heading.default\">\n\t\t\t\t<div class=\"elementor-widget-container\">\n\t\t\t\t\t<h2 class=\"elementor-heading-title elementor-size-default\">Festivais de Cinemas de Ub\u00e1<\/h2>\t\t\t\t<\/div>\n\t\t\t\t<\/div>\n\t\t\t\t<div class=\"elementor-element elementor-element-8a09998 elementor-widget elementor-widget-spacer\" data-id=\"8a09998\" data-element_type=\"widget\" data-e-type=\"widget\" data-widget_type=\"spacer.default\">\n\t\t\t\t<div class=\"elementor-widget-container\">\n\t\t\t\t\t\t\t<div class=\"elementor-spacer\">\n\t\t\t<div class=\"elementor-spacer-inner\"><\/div>\n\t\t<\/div>\n\t\t\t\t\t\t<\/div>\n\t\t\t\t<\/div>\n\t\t\t\t<div class=\"elementor-element elementor-element-4530a14 elementor-widget elementor-widget-text-editor\" data-id=\"4530a14\" data-element_type=\"widget\" data-e-type=\"widget\" data-widget_type=\"text-editor.default\">\n\t\t\t\t<div class=\"elementor-widget-container\">\n\t\t\t\t\t\t\t\t\t<p><img fetchpriority=\"high\" decoding=\"async\" class=\"alignnone size-medium wp-image-4060\" src=\"https:\/\/minasecinema.com.br\/wp-content\/uploads\/2025\/02\/Captura-de-Tela-2025-02-26-as-17.35.14-225x300.png\" alt=\"\" width=\"225\" height=\"300\" srcset=\"https:\/\/minasecinema.com.br\/wp-content\/uploads\/2025\/02\/Captura-de-Tela-2025-02-26-as-17.35.14-225x300.png 225w, https:\/\/minasecinema.com.br\/wp-content\/uploads\/2025\/02\/Captura-de-Tela-2025-02-26-as-17.35.14-768x1025.png 768w, https:\/\/minasecinema.com.br\/wp-content\/uploads\/2025\/02\/Captura-de-Tela-2025-02-26-as-17.35.14-9x12.png 9w, https:\/\/minasecinema.com.br\/wp-content\/uploads\/2025\/02\/Captura-de-Tela-2025-02-26-as-17.35.14-205x274.png 205w, https:\/\/minasecinema.com.br\/wp-content\/uploads\/2025\/02\/Captura-de-Tela-2025-02-26-as-17.35.14-480x640.png 480w, https:\/\/minasecinema.com.br\/wp-content\/uploads\/2025\/02\/Captura-de-Tela-2025-02-26-as-17.35.14.png 772w\" sizes=\"(max-width: 225px) 100vw, 225px\" \/><\/p>\t\t\t\t\t\t\t\t<\/div>\n\t\t\t\t<\/div>\n\t\t\t\t<div class=\"elementor-element elementor-element-adfe5db elementor-widget elementor-widget-text-editor\" data-id=\"adfe5db\" data-element_type=\"widget\" data-e-type=\"widget\" data-widget_type=\"text-editor.default\">\n\t\t\t\t<div class=\"elementor-widget-container\">\n\t\t\t\t\t\t\t\t\t<p><strong><span style=\"color: #000000;\">Festival Intersess\u00f5es<\/span><\/strong><\/p><p><span style=\"color: #000000;\">Realiza\u00e7\u00e3o: Cabe\u00e7a de Vento Produ\u00e7\u00f5es<\/span><\/p><p><span style=\"color: #000000;\">O Festival realizou em 2024\/2025 sua 5\u00aa edi\u00e7\u00e3o. Sua primeira edi\u00e7\u00e3o foi em 2018.<\/span><\/p><p><span style=\"color: #000000;\">@festivalintersessoes<\/span><\/p>\t\t\t\t\t\t\t\t<\/div>\n\t\t\t\t<\/div>\n\t\t\t\t<div class=\"elementor-element elementor-element-54e693a elementor-widget elementor-widget-spacer\" data-id=\"54e693a\" data-element_type=\"widget\" data-e-type=\"widget\" data-widget_type=\"spacer.default\">\n\t\t\t\t<div class=\"elementor-widget-container\">\n\t\t\t\t\t\t\t<div class=\"elementor-spacer\">\n\t\t\t<div class=\"elementor-spacer-inner\"><\/div>\n\t\t<\/div>\n\t\t\t\t\t\t<\/div>\n\t\t\t\t<\/div>\n\t\t\t\t\t<\/div>\n\t\t\t\t<\/div>\n\t\t\t\t<\/div>","protected":false},"excerpt":{"rendered":"<p>Festivais de Cinemas de Ub\u00e1 Festival Intersess\u00f5es Realiza\u00e7\u00e3o: Cabe\u00e7a de Vento Produ\u00e7\u00f5es O Festival realizou em 2024\/2025 sua 5\u00aa edi\u00e7\u00e3o. Sua primeira edi\u00e7\u00e3o foi em 2018. @festivalintersessoes<\/p>","protected":false},"author":1,"featured_media":0,"parent":0,"menu_order":0,"comment_status":"closed","ping_status":"closed","template":"elementor_header_footer","meta":{"footnotes":""},"tnc_tax_8431":[],"tnc_tax_8399":[],"tnc_tax_8396":[],"tnc_tax_8393":[],"tnc_tax_6759":[],"tnc_tax_6723":[],"tnc_tax_4866":[],"tnc_tax_3507":[],"class_list":["post-4000","page","type-page","status-publish","hentry"],"blocksy_meta":[],"_links":{"self":[{"href":"https:\/\/minasecinema.com.br\/en\/wp-json\/wp\/v2\/pages\/4000","targetHints":{"allow":["GET"]}}],"collection":[{"href":"https:\/\/minasecinema.com.br\/en\/wp-json\/wp\/v2\/pages"}],"about":[{"href":"https:\/\/minasecinema.com.br\/en\/wp-json\/wp\/v2\/types\/page"}],"author":[{"embeddable":true,"href":"https:\/\/minasecinema.com.br\/en\/wp-json\/wp\/v2\/users\/1"}],"replies":[{"embeddable":true,"href":"https:\/\/minasecinema.com.br\/en\/wp-json\/wp\/v2\/comments?post=4000"}],"version-history":[{"count":7,"href":"https:\/\/minasecinema.com.br\/en\/wp-json\/wp\/v2\/pages\/4000\/revisions"}],"predecessor-version":[{"id":4064,"href":"https:\/\/minasecinema.com.br\/en\/wp-json\/wp\/v2\/pages\/4000\/revisions\/4064"}],"wp:attachment":[{"href":"https:\/\/minasecinema.com.br\/en\/wp-json\/wp\/v2\/media?parent=4000"}],"wp:term":[{"taxonomy":"tnc_tax_8431","embeddable":true,"href":"https:\/\/minasecinema.com.br\/en\/wp-json\/wp\/v2\/tnc_tax_8431?post=4000"},{"taxonomy":"tnc_tax_8399","embeddable":true,"href":"https:\/\/minasecinema.com.br\/en\/wp-json\/wp\/v2\/tnc_tax_8399?post=4000"},{"taxonomy":"tnc_tax_8396","embeddable":true,"href":"https:\/\/minasecinema.com.br\/en\/wp-json\/wp\/v2\/tnc_tax_8396?post=4000"},{"taxonomy":"tnc_tax_8393","embeddable":true,"href":"https:\/\/minasecinema.com.br\/en\/wp-json\/wp\/v2\/tnc_tax_8393?post=4000"},{"taxonomy":"tnc_tax_6759","embeddable":true,"href":"https:\/\/minasecinema.com.br\/en\/wp-json\/wp\/v2\/tnc_tax_6759?post=4000"},{"taxonomy":"tnc_tax_6723","embeddable":true,"href":"https:\/\/minasecinema.com.br\/en\/wp-json\/wp\/v2\/tnc_tax_6723?post=4000"},{"taxonomy":"tnc_tax_4866","embeddable":true,"href":"https:\/\/minasecinema.com.br\/en\/wp-json\/wp\/v2\/tnc_tax_4866?post=4000"},{"taxonomy":"tnc_tax_3507","embeddable":true,"href":"https:\/\/minasecinema.com.br\/en\/wp-json\/wp\/v2\/tnc_tax_3507?post=4000"}],"curies":[{"name":"wp","href":"https:\/\/api.w.org\/{rel}","templated":true}]}}