{"id":4245,"date":"2025-03-01T20:24:13","date_gmt":"2025-03-01T20:24:13","guid":{"rendered":"https:\/\/minasecinema.com.br\/?page_id=4245"},"modified":"2025-03-01T20:28:57","modified_gmt":"2025-03-01T20:28:57","slug":"arquivos-e-bibliotecas-de-mirai","status":"publish","type":"page","link":"https:\/\/minasecinema.com.br\/en\/referencias-de-mirai\/arquivos-e-bibliotecas-de-mirai\/","title":{"rendered":"Arquivos e bibliotecas de MIra\u00ed"},"content":{"rendered":"<div data-elementor-type=\"wp-page\" data-elementor-id=\"4245\" class=\"elementor elementor-4245\">\n\t\t\t\t<div class=\"elementor-element elementor-element-ef33213 e-flex e-con-boxed elementor-invisible e-con e-parent\" data-id=\"ef33213\" data-element_type=\"container\" data-e-type=\"container\" data-settings=\"{&quot;background_background&quot;:&quot;classic&quot;,&quot;shape_divider_bottom&quot;:&quot;waves&quot;,&quot;animation&quot;:&quot;fadeIn&quot;}\">\n\t\t\t\t\t<div class=\"e-con-inner\">\n\t\t\t\t<div class=\"elementor-shape elementor-shape-bottom\" aria-hidden=\"true\" data-negative=\"false\">\n\t\t\t<svg xmlns=\"http:\/\/www.w3.org\/2000\/svg\" viewbox=\"0 0 1000 100\" preserveaspectratio=\"none\">\n\t<path class=\"elementor-shape-fill\" d=\"M421.9,6.5c22.6-2.5,51.5,0.4,75.5,5.3c23.6,4.9,70.9,23.5,100.5,35.7c75.8,32.2,133.7,44.5,192.6,49.7\tc23.6,2.1,48.7,3.5,103.4-2.5c54.7-6,106.2-25.6,106.2-25.6V0H0v30.3c0,0,72,32.6,158.4,30.5c39.2-0.7,92.8-6.7,134-22.4\tc21.2-8.1,52.2-18.2,79.7-24.2C399.3,7.9,411.6,7.5,421.9,6.5z\"\/>\n<\/svg>\t\t<\/div>\n\t\t\t\t<div class=\"elementor-element elementor-element-10b2b19 elementor-widget elementor-widget-spacer\" data-id=\"10b2b19\" data-element_type=\"widget\" data-e-type=\"widget\" data-widget_type=\"spacer.default\">\n\t\t\t\t<div class=\"elementor-widget-container\">\n\t\t\t\t\t\t\t<div class=\"elementor-spacer\">\n\t\t\t<div class=\"elementor-spacer-inner\"><\/div>\n\t\t<\/div>\n\t\t\t\t\t\t<\/div>\n\t\t\t\t<\/div>\n\t\t\t\t<div class=\"elementor-element elementor-element-748a3fe elementor-widget elementor-widget-heading\" data-id=\"748a3fe\" data-element_type=\"widget\" data-e-type=\"widget\" data-widget_type=\"heading.default\">\n\t\t\t\t<div class=\"elementor-widget-container\">\n\t\t\t\t\t<h2 class=\"elementor-heading-title elementor-size-default\">Arquivos e Bibliotecas de Mira\u00ed<\/h2>\t\t\t\t<\/div>\n\t\t\t\t<\/div>\n\t\t\t\t<div class=\"elementor-element elementor-element-4a82890 elementor-widget elementor-widget-spacer\" data-id=\"4a82890\" data-element_type=\"widget\" data-e-type=\"widget\" data-widget_type=\"spacer.default\">\n\t\t\t\t<div class=\"elementor-widget-container\">\n\t\t\t\t\t\t\t<div class=\"elementor-spacer\">\n\t\t\t<div class=\"elementor-spacer-inner\"><\/div>\n\t\t<\/div>\n\t\t\t\t\t\t<\/div>\n\t\t\t\t<\/div>\n\t\t\t\t\t<\/div>\n\t\t\t\t<\/div>\n\t\t<div class=\"elementor-element elementor-element-6b6c08e e-flex e-con-boxed e-con e-parent\" data-id=\"6b6c08e\" data-element_type=\"container\" data-e-type=\"container\" data-settings=\"{&quot;background_background&quot;:&quot;classic&quot;,&quot;shape_divider_bottom&quot;:&quot;waves&quot;}\">\n\t\t\t\t\t<div class=\"e-con-inner\">\n\t\t\t\t<div class=\"elementor-shape elementor-shape-bottom\" aria-hidden=\"true\" data-negative=\"false\">\n\t\t\t<svg xmlns=\"http:\/\/www.w3.org\/2000\/svg\" viewbox=\"0 0 1000 100\" preserveaspectratio=\"none\">\n\t<path class=\"elementor-shape-fill\" d=\"M421.9,6.5c22.6-2.5,51.5,0.4,75.5,5.3c23.6,4.9,70.9,23.5,100.5,35.7c75.8,32.2,133.7,44.5,192.6,49.7\tc23.6,2.1,48.7,3.5,103.4-2.5c54.7-6,106.2-25.6,106.2-25.6V0H0v30.3c0,0,72,32.6,158.4,30.5c39.2-0.7,92.8-6.7,134-22.4\tc21.2-8.1,52.2-18.2,79.7-24.2C399.3,7.9,411.6,7.5,421.9,6.5z\"\/>\n<\/svg>\t\t<\/div>\n\t\t\t\t<div class=\"elementor-element elementor-element-e1596c7 elementor-widget elementor-widget-heading\" data-id=\"e1596c7\" data-element_type=\"widget\" data-e-type=\"widget\" data-widget_type=\"heading.default\">\n\t\t\t\t<div class=\"elementor-widget-container\">\n\t\t\t\t\t<h4 class=\"elementor-heading-title elementor-size-default\">Centro Cultural Eneida Ferreira<\/h4>\t\t\t\t<\/div>\n\t\t\t\t<\/div>\n\t\t\t\t<div class=\"elementor-element elementor-element-59be8ed elementor-widget__width-initial elementor-widget elementor-widget-image\" data-id=\"59be8ed\" data-element_type=\"widget\" data-e-type=\"widget\" data-widget_type=\"image.default\">\n\t\t\t\t<div class=\"elementor-widget-container\">\n\t\t\t\t\t\t\t\t\t\t\t\t<figure class=\"wp-caption\">\n\t\t\t\t\t\t\t\t\t\t<img fetchpriority=\"high\" decoding=\"async\" width=\"300\" height=\"246\" src=\"https:\/\/minasecinema.com.br\/wp-content\/uploads\/2025\/02\/WhatsApp-Image-2025-01-08-at-08.35.14-2-300x246.jpeg\" class=\"attachment-medium size-medium wp-image-4204\" alt=\"\" srcset=\"https:\/\/minasecinema.com.br\/wp-content\/uploads\/2025\/02\/WhatsApp-Image-2025-01-08-at-08.35.14-2-300x246.jpeg 300w, https:\/\/minasecinema.com.br\/wp-content\/uploads\/2025\/02\/WhatsApp-Image-2025-01-08-at-08.35.14-2-1024x840.jpeg 1024w, https:\/\/minasecinema.com.br\/wp-content\/uploads\/2025\/02\/WhatsApp-Image-2025-01-08-at-08.35.14-2-768x630.jpeg 768w, https:\/\/minasecinema.com.br\/wp-content\/uploads\/2025\/02\/WhatsApp-Image-2025-01-08-at-08.35.14-2-1536x1260.jpeg 1536w, https:\/\/minasecinema.com.br\/wp-content\/uploads\/2025\/02\/WhatsApp-Image-2025-01-08-at-08.35.14-2-15x12.jpeg 15w, https:\/\/minasecinema.com.br\/wp-content\/uploads\/2025\/02\/WhatsApp-Image-2025-01-08-at-08.35.14-2-205x168.jpeg 205w, https:\/\/minasecinema.com.br\/wp-content\/uploads\/2025\/02\/WhatsApp-Image-2025-01-08-at-08.35.14-2-480x394.jpeg 480w, https:\/\/minasecinema.com.br\/wp-content\/uploads\/2025\/02\/WhatsApp-Image-2025-01-08-at-08.35.14-2.jpeg 1600w\" sizes=\"(max-width: 300px) 100vw, 300px\" \/>\t\t\t\t\t\t\t\t\t\t\t<figcaption class=\"widget-image-caption wp-caption-text\">Imagem 1: Faixada da Funda\u00e7\u00e3o  Francisco Bilheiro<\/figcaption>\n\t\t\t\t\t\t\t\t\t\t<\/figure>\n\t\t\t\t\t\t\t\t\t<\/div>\n\t\t\t\t<\/div>\n\t\t\t\t<div class=\"elementor-element elementor-element-1385119 elementor-widget__width-initial elementor-widget elementor-widget-text-editor\" data-id=\"1385119\" data-element_type=\"widget\" data-e-type=\"widget\" data-widget_type=\"text-editor.default\">\n\t\t\t\t<div class=\"elementor-widget-container\">\n\t\t\t\t\t\t\t\t\t<p>A Funda\u00e7\u00e3o Francisco Bilheiro \u00e9 a mantenedora do Centro Cultural Eneida Ferreira, antigo Cinema de Mira\u00ed.<\/p><p>Presidido por F\u00e1bio Jo\u00e3o Pinheiro<\/p><p>Endere\u00e7o: Pra\u00e7a Miguel Alves Pereira, 54 &#8211; Mira\u00ed.<\/p><p>site:\u00a0<a style=\"text-align: var(--text-align); font-style: var(--theme-font-style, inherit); font-variant-caps: inherit; letter-spacing: var(--theme-letter-spacing); text-transform: var(--theme-text-transform);\" href=\"https:\/\/funfrab94.wixsite.com\/f-francisco-bilheiro\">https:\/\/funfrab94.wixsite.com\/f-francisco-bilheiro<\/a><\/p>\t\t\t\t\t\t\t\t<\/div>\n\t\t\t\t<\/div>\n\t\t\t\t<div class=\"elementor-element elementor-element-31c636f elementor-widget elementor-widget-spacer\" data-id=\"31c636f\" data-element_type=\"widget\" data-e-type=\"widget\" data-widget_type=\"spacer.default\">\n\t\t\t\t<div class=\"elementor-widget-container\">\n\t\t\t\t\t\t\t<div class=\"elementor-spacer\">\n\t\t\t<div class=\"elementor-spacer-inner\"><\/div>\n\t\t<\/div>\n\t\t\t\t\t\t<\/div>\n\t\t\t\t<\/div>\n\t\t\t\t\t<\/div>\n\t\t\t\t<\/div>\n\t\t\t\t<\/div>","protected":false},"excerpt":{"rendered":"<p>Arquivos e Bibliotecas de Mira\u00ed Centro Cultural Eneida Ferreira Imagem 1: Faixada da Funda\u00e7\u00e3o Francisco Bilheiro A Funda\u00e7\u00e3o Francisco Bilheiro \u00e9 a mantenedora do Centro Cultural Eneida Ferreira, antigo Cinema de Mira\u00ed. Presidido por F\u00e1bio Jo\u00e3o Pinheiro Endere\u00e7o: Pra\u00e7a Miguel Alves Pereira, 54 &#8211; Mira\u00ed. site:\u00a0https:\/\/funfrab94.wixsite.com\/f-francisco-bilheiro<\/p>","protected":false},"author":1,"featured_media":0,"parent":3975,"menu_order":0,"comment_status":"closed","ping_status":"closed","template":"elementor_header_footer","meta":{"footnotes":""},"tnc_tax_8431":[],"tnc_tax_8399":[],"tnc_tax_8396":[],"tnc_tax_8393":[],"tnc_tax_6759":[],"tnc_tax_6723":[],"tnc_tax_4866":[],"tnc_tax_3507":[19],"class_list":["post-4245","page","type-page","status-publish","hentry","tnc_tax_3507-zona-da-mata"],"blocksy_meta":[],"_links":{"self":[{"href":"https:\/\/minasecinema.com.br\/en\/wp-json\/wp\/v2\/pages\/4245","targetHints":{"allow":["GET"]}}],"collection":[{"href":"https:\/\/minasecinema.com.br\/en\/wp-json\/wp\/v2\/pages"}],"about":[{"href":"https:\/\/minasecinema.com.br\/en\/wp-json\/wp\/v2\/types\/page"}],"author":[{"embeddable":true,"href":"https:\/\/minasecinema.com.br\/en\/wp-json\/wp\/v2\/users\/1"}],"replies":[{"embeddable":true,"href":"https:\/\/minasecinema.com.br\/en\/wp-json\/wp\/v2\/comments?post=4245"}],"version-history":[{"count":4,"href":"https:\/\/minasecinema.com.br\/en\/wp-json\/wp\/v2\/pages\/4245\/revisions"}],"predecessor-version":[{"id":4249,"href":"https:\/\/minasecinema.com.br\/en\/wp-json\/wp\/v2\/pages\/4245\/revisions\/4249"}],"up":[{"embeddable":true,"href":"https:\/\/minasecinema.com.br\/en\/wp-json\/wp\/v2\/pages\/3975"}],"wp:attachment":[{"href":"https:\/\/minasecinema.com.br\/en\/wp-json\/wp\/v2\/media?parent=4245"}],"wp:term":[{"taxonomy":"tnc_tax_8431","embeddable":true,"href":"https:\/\/minasecinema.com.br\/en\/wp-json\/wp\/v2\/tnc_tax_8431?post=4245"},{"taxonomy":"tnc_tax_8399","embeddable":true,"href":"https:\/\/minasecinema.com.br\/en\/wp-json\/wp\/v2\/tnc_tax_8399?post=4245"},{"taxonomy":"tnc_tax_8396","embeddable":true,"href":"https:\/\/minasecinema.com.br\/en\/wp-json\/wp\/v2\/tnc_tax_8396?post=4245"},{"taxonomy":"tnc_tax_8393","embeddable":true,"href":"https:\/\/minasecinema.com.br\/en\/wp-json\/wp\/v2\/tnc_tax_8393?post=4245"},{"taxonomy":"tnc_tax_6759","embeddable":true,"href":"https:\/\/minasecinema.com.br\/en\/wp-json\/wp\/v2\/tnc_tax_6759?post=4245"},{"taxonomy":"tnc_tax_6723","embeddable":true,"href":"https:\/\/minasecinema.com.br\/en\/wp-json\/wp\/v2\/tnc_tax_6723?post=4245"},{"taxonomy":"tnc_tax_4866","embeddable":true,"href":"https:\/\/minasecinema.com.br\/en\/wp-json\/wp\/v2\/tnc_tax_4866?post=4245"},{"taxonomy":"tnc_tax_3507","embeddable":true,"href":"https:\/\/minasecinema.com.br\/en\/wp-json\/wp\/v2\/tnc_tax_3507?post=4245"}],"curies":[{"name":"wp","href":"https:\/\/api.w.org\/{rel}","templated":true}]}}